{"id":5,"date":"2018-01-26T07:47:31","date_gmt":"2018-01-26T05:47:31","guid":{"rendered":"http:\/\/oshinewptheme.com\/v37\/?page_id=5"},"modified":"2026-02-13T16:29:05","modified_gmt":"2026-02-13T15:29:05","slug":"sobre-nosotros","status":"publish","type":"page","link":"https:\/\/fargas-fargas.com\/es\/sobre-nosotros\/","title":{"rendered":"Sobre nosotros"},"content":{"rendered":"<div  class=\"tatsu-fqoxnhf5dt44k0t tatsu-section  tatsu-parallax tatsu-section-custom-height tatsu-bg-overlay   tatsu-clearfix\" data-title=\"\"  data-headerscheme=\"background--dark\"><div class = \"tatsu-custom-height-wrap\"><div class='tatsu-section-pad clearfix' data-padding='{\"d\":\"200px 0% 200px 0% \"}' data-padding-top='200px'><div class=\"tatsu-row-wrap  tatsu-wrap tatsu-row-has-one-half tatsu-row-has-two-cols tatsu-medium-gutter tatsu-reg-cols  tatsu-clearfix tatsu-fqoxnhf5ep7jz6hz\" ><div  class=\"tatsu-row \" ><div  class=\"tatsu-column  tatsu-column-no-bg tatsu-one-half tatsu-column-image-none tatsu-column-effect-none  tatsu-fqoxnhf5f2bki57p\"  data-parallax-speed=\"0\" style=\"\"><div class=\"tatsu-column-inner \" ><div class=\"tatsu-column-pad-wrap\"><div class=\"tatsu-column-pad\" ><div  class=\"tatsu-module tatsu-inline-text clearfix tatsu-fqoxnhf5g38k1gb   \" ><style>.tatsu-fqoxnhf5g38k1gb .tatsu-inline-text-inner{width: 100%;text-align: left;}<\/style><div class=\"tatsu-inline-text-inner tatsu-align-center\">\n<h1><span style=\"color: #ffffff;\">El vino es un estilo de vida<\/span><\/h1>\n<p><span style=\"color: #ffffff;\">En todos los sentidos. Por eso vivimos donde trabajamos y viceversa. Cal Quico no es solo una casa o una bodega, es el sitio que nos permite ser quienes somos.<\/span><\/p>\n<\/div><\/div><\/div><\/div><div class = \"tatsu-column-bg-image-wrap\"><div class = \"tatsu-column-bg-image\" ><\/div><\/div><\/div><style>.tatsu-row > .tatsu-fqoxnhf5f2bki57p.tatsu-column{width: 50%;}.tatsu-fqoxnhf5f2bki57p.tatsu-column > .tatsu-column-inner > .tatsu-column-overlay{mix-blend-mode: none;}.tatsu-fqoxnhf5f2bki57p > .tatsu-column-inner > .tatsu-top-divider{z-index: 9999;}.tatsu-fqoxnhf5f2bki57p > .tatsu-column-inner > .tatsu-bottom-divider{z-index: 9999;}.tatsu-fqoxnhf5f2bki57p > .tatsu-column-inner > .tatsu-left-divider{z-index: 9999;}.tatsu-fqoxnhf5f2bki57p > .tatsu-column-inner > .tatsu-right-divider{z-index: 9999;}@media only screen and (max-width: 767px) {.tatsu-row > .tatsu-fqoxnhf5f2bki57p.tatsu-column{width: 100%;}}<\/style><\/div><div  class=\"tatsu-column  tatsu-column-no-bg tatsu-column-empty tatsu-one-half tatsu-column-image-none tatsu-column-effect-none  tatsu-fqoxnhf5p9ca6lzf\"  data-parallax-speed=\"0\" style=\"\"><div class=\"tatsu-column-inner \" ><div class=\"tatsu-column-pad-wrap\"><div class=\"tatsu-column-pad\" ><\/div><\/div><div class = \"tatsu-column-bg-image-wrap\"><div class = \"tatsu-column-bg-image\" ><\/div><\/div><\/div><style>.tatsu-row > .tatsu-fqoxnhf5p9ca6lzf.tatsu-column{width: 50%;}.tatsu-fqoxnhf5p9ca6lzf.tatsu-column > .tatsu-column-inner > .tatsu-column-overlay{mix-blend-mode: none;}.tatsu-fqoxnhf5p9ca6lzf > .tatsu-column-inner > .tatsu-top-divider{z-index: 9999;}.tatsu-fqoxnhf5p9ca6lzf > .tatsu-column-inner > .tatsu-bottom-divider{z-index: 9999;}.tatsu-fqoxnhf5p9ca6lzf > .tatsu-column-inner > .tatsu-left-divider{z-index: 9999;}.tatsu-fqoxnhf5p9ca6lzf > .tatsu-column-inner > .tatsu-right-divider{z-index: 9999;}@media only screen and (max-width: 767px) {.tatsu-row > .tatsu-fqoxnhf5p9ca6lzf.tatsu-column{width: 100%;}}<\/style><\/div><\/div><\/div><\/div><div class=\"tatsu-section-background-wrap tatsu-parallax-element-wrap\"><div class = \"tatsu-section-background tatsu-parallax-element\" ><\/div><\/div><div class=\"tatsu-overlay tatsu-section-overlay\"><\/div><\/div><style>.tatsu-fqoxnhf5dt44k0t.tatsu-section{background-color: rgba(29,29,29,1);}.tatsu-fqoxnhf5dt44k0t .tatsu-section-background{background-image: url(https:\/\/fargas-fargas.com\/wp-content\/uploads\/2020\/10\/P1013653OKOK.jpg);background-repeat: no-repeat;background-attachment: scroll;background-position: center center;background-size: cover;}.tatsu-fqoxnhf5dt44k0t .tatsu-bg-blur{background-repeat: no-repeat;background-attachment: scroll;background-position: center center;background-size: cover;}.tatsu-fqoxnhf5dt44k0t{border-width: 0px 0px px 0px;border-style: solid;}.tatsu-fqoxnhf5dt44k0t .tatsu-section-pad{padding: 200px 0% 200px 0% ;}.tatsu-fqoxnhf5dt44k0t > .tatsu-bottom-divider{z-index: 9999;}.tatsu-fqoxnhf5dt44k0t > .tatsu-top-divider{z-index: 9999;}.tatsu-fqoxnhf5dt44k0t .tatsu-section-overlay{background: rgba(0,0,0,0.1);mix-blend-mode: normal;}.tatsu-fqoxnhf5dt44k0t .tatsu-custom-height-wrap{align-items: center;min-height: 80vh;}<\/style><\/div><div  class=\"tatsu-fqoxnhf5q3bndzhm tatsu-section    tatsu-clearfix\" data-title=\"\"  data-headerscheme=\"background--dark\"><div class='tatsu-section-pad clearfix' data-padding='{\"d\":\"90px 0px 37px 0px\"}' data-padding-top='90px'><div class=\"tatsu-row-wrap  tatsu-wrap tatsu-row-one-col tatsu-row-has-one-cols tatsu-medium-gutter tatsu-reg-cols  tatsu-clearfix tatsu-fqoxnhf5qk223ywu\" ><div  class=\"tatsu-row \" ><div  class=\"tatsu-column  tatsu-column-no-bg tatsu-one-col tatsu-column-image-none tatsu-column-effect-none  tatsu-fqoxnhf5que4y48n\"  data-parallax-speed=\"0\" style=\"\"><div class=\"tatsu-column-inner \" ><div class=\"tatsu-column-pad-wrap\"><div class=\"tatsu-column-pad\" ><div  class=\"tatsu-module tatsu-text-block-wrap tatsu-khuxHBS6r  \"><div class=\"tatsu-text-inner tatsu-align-center  clearfix\" ><style>.tatsu-khuxHBS6r.tatsu-text-block-wrap .tatsu-text-inner{width: 100%;text-align: left;}<\/style>\n<p>En el siglo XIX, Cal Quico era muy diferente. No solo ha cambiado la finca, sino lo que se hace en ella. Al principio el negocio familiar consist\u00eda en plantar y vender uvas a otras bodegas de la zona, pero en los a\u00f1os 80, Quim decidi\u00f3 que Cal Quico lo ten\u00eda todo para elaborar su propio vino siguiendo la filosof\u00eda del cultivo ecol\u00f3gico. Y as\u00ed naci\u00f3 Fargas-Fargas.<\/p>\n<\/div><\/div><div  class=\"tatsu-module tatsu-text-block-wrap tatsu-boPfBrcnK  \"><div class=\"tatsu-text-inner tatsu-align-center  clearfix\" ><style>.tatsu-boPfBrcnK.tatsu-text-block-wrap .tatsu-text-inner{width: 100%;text-align: left;}<\/style>\n<h2>Cal Quico<\/h2>\n<\/div><\/div><\/div><\/div><div class = \"tatsu-column-bg-image-wrap\"><div class = \"tatsu-column-bg-image\" ><\/div><\/div><\/div><style>.tatsu-row > .tatsu-fqoxnhf5que4y48n.tatsu-column{width: 100%;}.tatsu-fqoxnhf5que4y48n.tatsu-column > .tatsu-column-inner > .tatsu-column-overlay{mix-blend-mode: none;}.tatsu-fqoxnhf5que4y48n > .tatsu-column-inner > .tatsu-top-divider{z-index: 9999;}.tatsu-fqoxnhf5que4y48n > .tatsu-column-inner > .tatsu-bottom-divider{z-index: 9999;}.tatsu-fqoxnhf5que4y48n > .tatsu-column-inner > .tatsu-left-divider{z-index: 9999;}.tatsu-fqoxnhf5que4y48n > .tatsu-column-inner > .tatsu-right-divider{z-index: 9999;}<\/style><\/div><\/div><\/div><div class=\"tatsu-row-wrap  tatsu-wrap tatsu-row-has-one-half tatsu-row-has-two-cols tatsu-medium-gutter tatsu-reg-cols  tatsu-clearfix tatsu-fqoxnhf5xw80uydr\" ><div  class=\"tatsu-row \" ><div  class=\"tatsu-column  tatsu-column-no-bg tatsu-one-half tatsu-column-image-none tatsu-column-effect-none  tatsu-fqoxnhf5y9605a7x\"  data-parallax-speed=\"0\" style=\"\"><div class=\"tatsu-column-inner \" ><div class=\"tatsu-column-pad-wrap\"><div class=\"tatsu-column-pad\" ><div  class=\"tatsu-module tatsu-inline-text clearfix tatsu-fqoxnhf5yus796   \" ><style>.tatsu-fqoxnhf5yus796 .tatsu-inline-text-inner{width: 100%;text-align: left;}.tatsu-fqoxnhf5yus796.tatsu-inline-text{margin: 40px 0px 60px 0px ;}<\/style><div class=\"tatsu-inline-text-inner tatsu-align-center\">\n<p>Jean Giono dec\u00eda que \u00abse puede hacer el retrato de una persona haciendo el retrato de su paisaje\u00bb. Desde el siglo XIX, cuando el bisabuelo de Quim Fargas fund\u00f3 Cal Quico, este es nuestro paisaje cada d\u00eda.<\/p>\n<\/div><\/div><div  class=\"tatsu-single-image tatsu-module tatsu-fqoxnhf6384k7qlf  \" ><div class=\"tatsu-single-image-inner \" style=\"width : 900px;\" ><div class = \"tatsu-single-image-padding-wrap\" style = \"padding-bottom : 133.33333333333%;\" ><\/div><img class = \"tatsu-gradient-border\" alt = \"\" title = \"IMG_4042OK\" src = \"https:\/\/fargas-fargas.com\/wp-content\/uploads\/2020\/10\/IMG_4042OK.jpg\" \/><\/div><style>.tatsu-fqoxnhf6384k7qlf .tatsu-single-image-inner{border-style: solid;max-width: 100%;}.tatsu-fqoxnhf6384k7qlf.tatsu-single-image{transform: translate3d(0px,0px, 0);}<\/style><\/div><\/div><\/div><div class = \"tatsu-column-bg-image-wrap\"><div class = \"tatsu-column-bg-image\" ><\/div><\/div><\/div><style>.tatsu-row > .tatsu-fqoxnhf5y9605a7x.tatsu-column{width: 50%;}.tatsu-fqoxnhf5y9605a7x.tatsu-column > .tatsu-column-inner > .tatsu-column-overlay{mix-blend-mode: none;}.tatsu-fqoxnhf5y9605a7x > .tatsu-column-inner > .tatsu-top-divider{z-index: 9999;}.tatsu-fqoxnhf5y9605a7x > .tatsu-column-inner > .tatsu-bottom-divider{z-index: 9999;}.tatsu-fqoxnhf5y9605a7x > .tatsu-column-inner > .tatsu-left-divider{z-index: 9999;}.tatsu-fqoxnhf5y9605a7x > .tatsu-column-inner > .tatsu-right-divider{z-index: 9999;}@media only screen and (max-width: 767px) {.tatsu-row > .tatsu-fqoxnhf5y9605a7x.tatsu-column{width: 100%;}}<\/style><\/div><div  class=\"tatsu-column  tatsu-column-no-bg tatsu-one-half tatsu-column-image-none tatsu-column-effect-none  tatsu-fqoxnhf66u1w8qv1\"  data-parallax-speed=\"0\" style=\"\"><div class=\"tatsu-column-inner \" ><div class=\"tatsu-column-pad-wrap\"><div class=\"tatsu-column-pad\" ><div  class=\"tatsu-single-image tatsu-module tatsu-fqoxnhf67u2v4nl1  \" ><div class=\"tatsu-single-image-inner \" style=\"width : 900px;\" ><div class = \"tatsu-single-image-padding-wrap\" style = \"padding-bottom : 133.33333333333%;\" ><\/div><img class = \"tatsu-gradient-border\" alt = \"\" title = \"IMG_1870OK\" src = \"https:\/\/fargas-fargas.com\/wp-content\/uploads\/2020\/10\/IMG_1870OK.jpg\" \/><\/div><style>.tatsu-fqoxnhf67u2v4nl1 .tatsu-single-image-inner{border-style: solid;max-width: 100%;}.tatsu-fqoxnhf67u2v4nl1.tatsu-single-image{transform: translate3d(0px,0px, 0);}<\/style><\/div><div  class=\"tatsu-module tatsu-inline-text clearfix tatsu-fqoxnhf6bi9lru0e   \" ><style>.tatsu-fqoxnhf6bi9lru0e .tatsu-inline-text-inner{width: 100%;text-align: left;}.tatsu-fqoxnhf6bi9lru0e.tatsu-inline-text{margin: 0px 0px 60px 0px ;}<\/style><div class=\"tatsu-inline-text-inner tatsu-align-center\">\n<p>Nos despertamos con la vista de Montserrat en la ventana. Caminamos por el campo cada d\u00eda, entre vi\u00f1as y cultivos, comprobando que cada variedad de uva est\u00e1 en las condiciones adecuadas para poder elaborar luego cada tipo de vino.\u00a0 Pero lo m\u00e1s importante para nosotros es saber que nuestro trabajo ayuda a devolverle a esta tierra parte de todo lo que nos da a diario.<\/p>\n<\/div><\/div><\/div><\/div><div class = \"tatsu-column-bg-image-wrap\"><div class = \"tatsu-column-bg-image\" ><\/div><\/div><\/div><style>.tatsu-row > .tatsu-fqoxnhf66u1w8qv1.tatsu-column{width: 50%;}.tatsu-fqoxnhf66u1w8qv1.tatsu-column > .tatsu-column-inner > .tatsu-column-overlay{mix-blend-mode: none;}.tatsu-fqoxnhf66u1w8qv1 > .tatsu-column-inner > .tatsu-top-divider{z-index: 9999;}.tatsu-fqoxnhf66u1w8qv1 > .tatsu-column-inner > .tatsu-bottom-divider{z-index: 9999;}.tatsu-fqoxnhf66u1w8qv1 > .tatsu-column-inner > .tatsu-left-divider{z-index: 9999;}.tatsu-fqoxnhf66u1w8qv1 > .tatsu-column-inner > .tatsu-right-divider{z-index: 9999;}@media only screen and (max-width: 767px) {.tatsu-row > .tatsu-fqoxnhf66u1w8qv1.tatsu-column{width: 100%;}}<\/style><\/div><\/div><\/div><div class=\"tatsu-row-wrap  tatsu-wrap tatsu-row-one-col tatsu-row-has-one-cols tatsu-medium-gutter tatsu-reg-cols  tatsu-clearfix tatsu-fqoxnhf6f8g8e1mx\" ><div  class=\"tatsu-row \" ><div  class=\"tatsu-column  tatsu-column-no-bg tatsu-one-col tatsu-column-image-none tatsu-column-effect-none  tatsu-fqoxnhf6fl76plpy\"  data-parallax-speed=\"0\" style=\"\"><div class=\"tatsu-column-inner \" ><div class=\"tatsu-column-pad-wrap\"><div class=\"tatsu-column-pad\" ><div  class=\"tatsu-empty-space  tatsu-gFPMWz4nh  \" ><style>.tatsu-gFPMWz4nh.tatsu-empty-space{height: 90px;}<\/style><\/div><div  class=\"tatsu-module tatsu-text-block-wrap tatsu-L1DdnliVx  \"><div class=\"tatsu-text-inner tatsu-align-center  clearfix\" ><style>.tatsu-L1DdnliVx.tatsu-text-block-wrap .tatsu-text-inner{width: 100%;text-align: left;}<\/style>\n<h2 style=\"text-align: left;\">Somos Quim y Rosa<\/h2>\n<\/div><\/div><div  class=\"tatsu-empty-space  tatsu-gjko30sang67bat2  \" ><style>.tatsu-gjko30sang67bat2.tatsu-empty-space{height: 36px;}<\/style><\/div><div  class=\"tatsu-single-image tatsu-module tatsu-image-lazyload tatsu-Ay91Bv5Uy  \" ><div class=\"tatsu-single-image-inner \" style=\"width : 2560px;\" ><div class = \"tatsu-single-image-padding-wrap\" style = \"padding-bottom : 56.25%;\" ><\/div><img class = \"tatsu-gradient-border\" alt = \"\" title = \"img-about-quimirosa\" data-src = \"https:\/\/fargas-fargas.com\/wp-content\/uploads\/2020\/10\/img-about-quimirosa-scaled.jpg\" src =\"data:image\/png;base64,iVBORw0KGgoAAAANSUhEUgAAAAEAAAABCAQAAAC1HAwCAAAAC0lEQVR42mNkYAAAAAYAAjCB0C8AAAAASUVORK5CYII=\"  \/><\/div><style>.tatsu-Ay91Bv5Uy .tatsu-single-image-inner{border-style: solid;max-width: 100%;}.tatsu-Ay91Bv5Uy.tatsu-single-image{transform: translate3d(0px,0px, 0);}<\/style><\/div><div  class=\"tatsu-module tatsu-inline-text clearfix tatsu-fqoxnhf6kaageolw   \" ><style>.tatsu-fqoxnhf6kaageolw .tatsu-inline-text-inner{width: 100%;text-align: left;}<\/style><div class=\"tatsu-inline-text-inner tatsu-align-center\">\n<p style=\"font-size: 18px; background-color: #ffffff;\">Siempre tuvimos muy claro que esto era mucho m\u00e1s que una bodega. Por eso hace tiempo abrimos las puertas de nuestra casa a la gente que quisiera venir a conocerla y conocer c\u00f3mo elaboramos nuestro producto. Si alguna vez est\u00e1s en la zona y te pica la curiosidad, no dudes en acercarte. Nunca le decimos que no a una buena conversaci\u00f3n con una copa de vino en la mano.<\/p>\n<\/div><\/div><\/div><\/div><div class = \"tatsu-column-bg-image-wrap\"><div class = \"tatsu-column-bg-image\" ><\/div><\/div><\/div><style>.tatsu-row > .tatsu-fqoxnhf6fl76plpy.tatsu-column{width: 100%;}.tatsu-fqoxnhf6fl76plpy.tatsu-column > .tatsu-column-inner > .tatsu-column-overlay{mix-blend-mode: none;}.tatsu-fqoxnhf6fl76plpy > .tatsu-column-inner > .tatsu-top-divider{z-index: 9999;}.tatsu-fqoxnhf6fl76plpy > .tatsu-column-inner > .tatsu-bottom-divider{z-index: 9999;}.tatsu-fqoxnhf6fl76plpy > .tatsu-column-inner > .tatsu-left-divider{z-index: 9999;}.tatsu-fqoxnhf6fl76plpy > .tatsu-column-inner > .tatsu-right-divider{z-index: 9999;}<\/style><\/div><\/div><\/div><\/div><div class=\"tatsu-section-background-wrap\"><div class = \"tatsu-section-background\" ><\/div><\/div><style>.tatsu-fqoxnhf5q3bndzhm .tatsu-section-pad{padding: 90px 0px 37px 0px;}.tatsu-fqoxnhf5q3bndzhm > .tatsu-bottom-divider{z-index: 9999;}.tatsu-fqoxnhf5q3bndzhm > .tatsu-top-divider{z-index: 9999;}<\/style><\/div><div  class=\"tatsu-q6HqYMlu3J tatsu-section  tatsu-bg-overlay   tatsu-clearfix\" data-title=\"\"  data-headerscheme=\"background--dark\"><div class='tatsu-section-pad clearfix' data-padding='{\"d\":\"27px 0px 90px 0px\"}' data-padding-top='27px'><div class=\"tatsu-row-wrap  tatsu-wrap tatsu-row-one-col tatsu-row-has-one-cols tatsu-medium-gutter tatsu-reg-cols  tatsu-clearfix tatsu-fsdghpyrlS\" ><div  class=\"tatsu-row \" ><div  class=\"tatsu-column  tatsu-bg-overlay tatsu-one-col tatsu-column-image-none tatsu-column-effect-none  tatsu-4DVpuawoM\"  data-parallax-speed=\"0\" style=\"\"><div class=\"tatsu-column-inner \" ><div class=\"tatsu-column-pad-wrap\"><div class=\"tatsu-column-pad\" ><div  class=\"tatsu-single-image tatsu-module tatsu-image-lazyload tatsu-Vf-60gqcl  \" ><div class=\"tatsu-single-image-inner \" style=\"width : 1800px;\" ><div class = \"tatsu-single-image-padding-wrap\" style = \"padding-bottom : 66.666666666667%;\" ><\/div><img class = \"tatsu-gradient-border\" alt = \"\" title = \"P1013743_1111\" data-src = \"https:\/\/fargas-fargas.com\/wp-content\/uploads\/2020\/10\/P1013743_1111.jpg\" src =\"data:image\/png;base64,iVBORw0KGgoAAAANSUhEUgAAAAEAAAABCAQAAAC1HAwCAAAAC0lEQVR42mNkYAAAAAYAAjCB0C8AAAAASUVORK5CYII=\"  \/><\/div><style>.tatsu-Vf-60gqcl .tatsu-single-image-inner{border-style: solid;max-width: 100%;}.tatsu-Vf-60gqcl.tatsu-single-image{transform: translate3d(0px,0px, 0);}<\/style><\/div><\/div><\/div><div class = \"tatsu-column-bg-image-wrap\"><div class = \"tatsu-column-bg-image\" ><\/div><\/div><div class=\"tatsu-overlay tatsu-column-overlay tatsu-animate-none\" ><\/div><\/div><style>.tatsu-row > .tatsu-4DVpuawoM.tatsu-column{width: 100%;}.tatsu-4DVpuawoM.tatsu-column > .tatsu-column-inner > .tatsu-column-overlay{mix-blend-mode: normal;}.tatsu-4DVpuawoM > .tatsu-column-inner > .tatsu-top-divider{z-index: 9999;}.tatsu-4DVpuawoM > .tatsu-column-inner > .tatsu-bottom-divider{z-index: 9999;}.tatsu-4DVpuawoM > .tatsu-column-inner > .tatsu-left-divider{z-index: 9999;}.tatsu-4DVpuawoM > .tatsu-column-inner > .tatsu-right-divider{z-index: 9999;}@media only screen and (max-width:1377px) {.tatsu-row > .tatsu-4DVpuawoM.tatsu-column{width: 100%;}}@media only screen and (min-width:768px) and (max-width: 1024px) {.tatsu-row > .tatsu-4DVpuawoM.tatsu-column{width: 100%;}}@media only screen and (max-width: 767px) {.tatsu-row > .tatsu-4DVpuawoM.tatsu-column{width: 100%;}}<\/style><\/div><\/div><\/div><\/div><div class=\"tatsu-section-background-wrap\"><div class = \"tatsu-section-background\" ><\/div><\/div><div class=\"tatsu-overlay tatsu-section-overlay\"><\/div><style>.tatsu-q6HqYMlu3J .tatsu-section-pad{padding: 27px 0px 90px 0px;}.tatsu-q6HqYMlu3J .tatsu-section-offset-wrap{transform: translateY(-0px);}.tatsu-q6HqYMlu3J > .tatsu-bottom-divider{z-index: 9999;}.tatsu-q6HqYMlu3J > .tatsu-top-divider{z-index: 9999;}.tatsu-q6HqYMlu3J .tatsu-section-overlay{mix-blend-mode: normal;}<\/style><\/div>\n","protected":false},"excerpt":{"rendered":"<p><a href=\"https:\/\/fargas-fargas.com\/es\/sobre-nosotros\/\" class=\"more-link style3-button\">Read More<\/a><\/p>","protected":false},"author":3,"featured_media":0,"parent":0,"menu_order":0,"comment_status":"closed","ping_status":"closed","template":"","meta":{"footnotes":""},"class_list":["post-5","page","type-page","status-publish","hentry"],"_links":{"self":[{"href":"https:\/\/fargas-fargas.com\/es\/wp-json\/wp\/v2\/pages\/5","targetHints":{"allow":["GET"]}}],"collection":[{"href":"https:\/\/fargas-fargas.com\/es\/wp-json\/wp\/v2\/pages"}],"about":[{"href":"https:\/\/fargas-fargas.com\/es\/wp-json\/wp\/v2\/types\/page"}],"author":[{"embeddable":true,"href":"https:\/\/fargas-fargas.com\/es\/wp-json\/wp\/v2\/users\/3"}],"replies":[{"embeddable":true,"href":"https:\/\/fargas-fargas.com\/es\/wp-json\/wp\/v2\/comments?post=5"}],"version-history":[{"count":25,"href":"https:\/\/fargas-fargas.com\/es\/wp-json\/wp\/v2\/pages\/5\/revisions"}],"predecessor-version":[{"id":3621,"href":"https:\/\/fargas-fargas.com\/es\/wp-json\/wp\/v2\/pages\/5\/revisions\/3621"}],"wp:attachment":[{"href":"https:\/\/fargas-fargas.com\/es\/wp-json\/wp\/v2\/media?parent=5"}],"curies":[{"name":"wp","href":"https:\/\/api.w.org\/{rel}","templated":true}]}}