{"id":3249,"date":"2020-10-22T18:28:22","date_gmt":"2020-10-22T16:28:22","guid":{"rendered":"https:\/\/fargas.holarafa.com\/?post_type=product&#038;p=3249"},"modified":"2025-06-11T17:41:30","modified_gmt":"2025-06-11T15:41:30","slug":"vino-blanco","status":"publish","type":"product","link":"https:\/\/fargas-fargas.com\/es\/producto\/vino-blanco\/","title":{"rendered":"Blanc 2020"},"content":{"rendered":"","protected":false},"excerpt":{"rendered":"<p><strong>Vi blanc \u00e0gil, net i brillant.<\/strong><\/p>\n<p>60 macabeu 20 picapoll blanc 20 chardonnay<\/p>\n<p><strong>VISTA:<\/strong> Groc p\u00e0l\u00b7lid amb reflexes verdosos.<\/p>\n<p><strong>NAS:<\/strong> Aromes de fruita blanca, pell de c\u00edtrics i records de codonyat.<\/p>\n<p><strong>BOCA:<\/strong> \u00c9s fi i t\u00e9 una bona acidesa. Sabor de nous crues amb final amarg. Ample i crem\u00f3s. Omple la boca i \u00e9s persistent.<\/p>\n<p><a href=\"https:\/\/fargas-fargas.com\/es\/producto\/vino-blanco\/\" class=\"more-link style3-button\">Read More<\/a><\/p>","protected":false},"featured_media":3520,"template":"","meta":[],"product_brand":[],"product_cat":[36],"product_tag":[],"class_list":{"0":"post-3249","1":"product","2":"type-product","3":"status-publish","4":"has-post-thumbnail","6":"product_cat-vinos-blancos","8":"first","9":"outofstock","10":"taxable","11":"shipping-taxable","12":"purchasable","13":"product-type-simple"},"_links":{"self":[{"href":"https:\/\/fargas-fargas.com\/es\/wp-json\/wp\/v2\/product\/3249","targetHints":{"allow":["GET"]}}],"collection":[{"href":"https:\/\/fargas-fargas.com\/es\/wp-json\/wp\/v2\/product"}],"about":[{"href":"https:\/\/fargas-fargas.com\/es\/wp-json\/wp\/v2\/types\/product"}],"wp:featuredmedia":[{"embeddable":true,"href":"https:\/\/fargas-fargas.com\/es\/wp-json\/wp\/v2\/media\/3520"}],"wp:attachment":[{"href":"https:\/\/fargas-fargas.com\/es\/wp-json\/wp\/v2\/media?parent=3249"}],"wp:term":[{"taxonomy":"product_brand","embeddable":true,"href":"https:\/\/fargas-fargas.com\/es\/wp-json\/wp\/v2\/product_brand?post=3249"},{"taxonomy":"product_cat","embeddable":true,"href":"https:\/\/fargas-fargas.com\/es\/wp-json\/wp\/v2\/product_cat?post=3249"},{"taxonomy":"product_tag","embeddable":true,"href":"https:\/\/fargas-fargas.com\/es\/wp-json\/wp\/v2\/product_tag?post=3249"}],"curies":[{"name":"wp","href":"https:\/\/api.w.org\/{rel}","templated":true}]}}