{"id":3521,"date":"2021-09-11T14:36:35","date_gmt":"2021-09-11T12:36:35","guid":{"rendered":"https:\/\/fargas-fargas.com\/?post_type=product&#038;p=3521"},"modified":"2025-06-11T17:41:13","modified_gmt":"2025-06-11T15:41:13","slug":"ull-de-llebre","status":"publish","type":"product","link":"https:\/\/fargas-fargas.com\/es\/producto\/ull-de-llebre\/","title":{"rendered":"Ull de Llebre 2019"},"content":{"rendered":"","protected":false},"excerpt":{"rendered":"<div>\n<p><b>Vi negre amable, rod\u00f3 i varietal.<span class=\"apple-converted-space\">\u00a0<\/span><\/b><\/p>\n<\/div>\n<div>\n<p><span class=\"apple-converted-space\">6500 ampolles<\/span><\/p>\n<\/div>\n<div>\n<p><b>VISTA: <\/b>Quan el mirem a trav\u00e9s de la copa veiem un color vermell rob\u00ed. T\u00e9 una ll\u00e0grima prima i \u00e0gil.<span class=\"apple-converted-space\">\u00a0<\/span><\/p>\n<\/div>\n<div>\n<p><b>NAS:<\/b>En nas t\u00e9 una intensitat mitjana. Arom\u00e0ticament d\u2019entrada apareixen notes de cireres en totes les seves expressions, fresques i madures, de licor, en confitura. A mesura que es va obrint i anem movent el vi a la copa apareixen notes de cacau i regal\u00e8ssia negra.<span class=\"apple-converted-space\">\u00a0<\/span><\/p>\n<\/div>\n<div>\n<p><b>BOCA:<\/b>En boca \u00e9s franc, segueix parlant la cirera, el cacau, apareix una xocolata negra i es confirma la regal\u00e8ssia. La textura \u00e9s lleugera, passa de manera \u00e0gil per la boca i amb una sensaci\u00f3 rugosa al paladar. M\u00e9s endavant, alguna esp\u00e8cia dol\u00e7a com el clau d\u2019olor o la nou moscada.<\/p>\n<\/div>\n<p><a href=\"https:\/\/fargas-fargas.com\/es\/producto\/ull-de-llebre\/\" class=\"more-link style3-button\">Read More<\/a><\/p>","protected":false},"featured_media":3524,"template":"","meta":[],"product_brand":[],"product_cat":[24],"product_tag":[],"class_list":{"0":"post-3521","1":"product","2":"type-product","3":"status-publish","4":"has-post-thumbnail","6":"product_cat-uncategorized","8":"first","9":"outofstock","10":"taxable","11":"shipping-taxable","12":"purchasable","13":"product-type-simple"},"_links":{"self":[{"href":"https:\/\/fargas-fargas.com\/es\/wp-json\/wp\/v2\/product\/3521","targetHints":{"allow":["GET"]}}],"collection":[{"href":"https:\/\/fargas-fargas.com\/es\/wp-json\/wp\/v2\/product"}],"about":[{"href":"https:\/\/fargas-fargas.com\/es\/wp-json\/wp\/v2\/types\/product"}],"wp:featuredmedia":[{"embeddable":true,"href":"https:\/\/fargas-fargas.com\/es\/wp-json\/wp\/v2\/media\/3524"}],"wp:attachment":[{"href":"https:\/\/fargas-fargas.com\/es\/wp-json\/wp\/v2\/media?parent=3521"}],"wp:term":[{"taxonomy":"product_brand","embeddable":true,"href":"https:\/\/fargas-fargas.com\/es\/wp-json\/wp\/v2\/product_brand?post=3521"},{"taxonomy":"product_cat","embeddable":true,"href":"https:\/\/fargas-fargas.com\/es\/wp-json\/wp\/v2\/product_cat?post=3521"},{"taxonomy":"product_tag","embeddable":true,"href":"https:\/\/fargas-fargas.com\/es\/wp-json\/wp\/v2\/product_tag?post=3521"}],"curies":[{"name":"wp","href":"https:\/\/api.w.org\/{rel}","templated":true}]}}