{"id":3527,"date":"2021-09-11T20:32:17","date_gmt":"2021-09-11T18:32:17","guid":{"rendered":"https:\/\/fargas-fargas.com\/?post_type=product&#038;p=3527"},"modified":"2025-06-11T17:41:03","modified_gmt":"2025-06-11T15:41:03","slug":"picapoll","status":"publish","type":"product","link":"https:\/\/fargas-fargas.com\/es\/producto\/picapoll\/","title":{"rendered":"Picapoll"},"content":{"rendered":"","protected":false},"excerpt":{"rendered":"<div>\n<p><b>Vi ser\u00e8 i experimentat <\/b><\/p>\n<\/div>\n<div>\n<p><span lang=\"EN-US\">2019<\/span><\/p>\n<\/div>\n<div>\n<p><span lang=\"EN-US\">1333 ampolles<\/span><\/p>\n<\/div>\n<div>\n<p><span lang=\"EN-US\">Vi amb crian\u00e7a en lies<\/span><\/p>\n<\/div>\n<div>\n<p><b>VISTA:<\/b>Quan el mirem a dins la copa \u00e9s d\u2019un color groc llimona amb reflexos daurats. Net i brillant.<\/p>\n<\/div>\n<div>\n<p><b>NAS:<\/b>En nas expressa sensaci\u00f3 de maduresa de la fruita i del treball amb lies. Apareixen anisats, flors tipus ac\u00e0cia, poma cuita i elegants notes de pastisseria. Tamb\u00e9 pell de c\u00edtrics confitada.<\/p>\n<\/div>\n<div>\n<p>Al primer i segon glop deixa un gust final de regal\u00e8ssia negra de pal (estrep). \u00c9s un vi sec, molt mineral. Apareix un subtil toc amarg al final que fa venir ganes de seguir bevent.<\/p>\n<\/div>\n<div>\n<p><b>BOCA:<\/b>En boca, quan va agafant temperatura, surten notes curioses i atractives de fino de xer\u00e8s segurament cedides gr\u00e0cies al treball que es fa amb les seves mares.<\/p>\n<\/div>\n<div>\n<p>El pas per boca \u00e9s \u00e0gil i delicat. Aquest picapoll t\u00e9 poc volum, per\u00f2 per contra molt pes i \u00e9s llarg en boca. \u00c9s elegant. Est\u00e0 al millor moment per prendre\u2019l.<\/p>\n<\/div>\n<p><a href=\"https:\/\/fargas-fargas.com\/es\/producto\/picapoll\/\" class=\"more-link style3-button\">Read More<\/a><\/p>","protected":false},"featured_media":3530,"template":"","meta":[],"product_brand":[],"product_cat":[36],"product_tag":[],"class_list":{"0":"post-3527","1":"product","2":"type-product","3":"status-publish","4":"has-post-thumbnail","6":"product_cat-vinos-blancos","8":"first","9":"outofstock","10":"taxable","11":"shipping-taxable","12":"purchasable","13":"product-type-simple"},"_links":{"self":[{"href":"https:\/\/fargas-fargas.com\/es\/wp-json\/wp\/v2\/product\/3527","targetHints":{"allow":["GET"]}}],"collection":[{"href":"https:\/\/fargas-fargas.com\/es\/wp-json\/wp\/v2\/product"}],"about":[{"href":"https:\/\/fargas-fargas.com\/es\/wp-json\/wp\/v2\/types\/product"}],"wp:featuredmedia":[{"embeddable":true,"href":"https:\/\/fargas-fargas.com\/es\/wp-json\/wp\/v2\/media\/3530"}],"wp:attachment":[{"href":"https:\/\/fargas-fargas.com\/es\/wp-json\/wp\/v2\/media?parent=3527"}],"wp:term":[{"taxonomy":"product_brand","embeddable":true,"href":"https:\/\/fargas-fargas.com\/es\/wp-json\/wp\/v2\/product_brand?post=3527"},{"taxonomy":"product_cat","embeddable":true,"href":"https:\/\/fargas-fargas.com\/es\/wp-json\/wp\/v2\/product_cat?post=3527"},{"taxonomy":"product_tag","embeddable":true,"href":"https:\/\/fargas-fargas.com\/es\/wp-json\/wp\/v2\/product_tag?post=3527"}],"curies":[{"name":"wp","href":"https:\/\/api.w.org\/{rel}","templated":true}]}}